{"id":84,"date":"2013-08-11T20:13:42","date_gmt":"2013-08-11T20:13:42","guid":{"rendered":"http:\/\/localhost:8888\/test\/?page_id=545"},"modified":"2022-05-19T06:25:37","modified_gmt":"2022-05-19T09:25:37","slug":"perguntas-frequentes","status":"publish","type":"page","link":"https:\/\/unisatcomercial.com.br\/home\/perguntas-frequentes\/","title":{"rendered":"Perguntas Frequentes"},"content":{"rendered":"<p><strong>\u00bb Formas de Pagamento<\/strong><\/p>\n<p>1 -Boleto banc\u00e1rio sujeito a aprova\u00e7\u00e3o de cr\u00e9dito.<\/p>\n<p>2 -Dep\u00f3sito em conta, caso pagamento \u00e0 vista.<\/p>\n<p>3 -Primeira compra com a empresa \u00e0 vista.<\/p>\n<div class=\"accordion\">\n<div id=\"accordion-3397246565\" class=\"accordion-item\"><a id=\"accordion-3397246565-label\" href=\"#\" class=\"accordion-title plain\" aria-expanded=\"false\" aria-controls=\"accordion-3397246565-content\"><button class=\"toggle\" aria-label=\"Toggle\"><i class=\"icon-angle-down\"><\/i><\/button><span>N\u00e3o consigo ver os pre\u00e7os?<\/span><\/a><div id=\"accordion-3397246565-content\" class=\"accordion-inner\" aria-labelledby=\"accordion-3397246565-label\">\n<p>Para ver os pre\u00e7os voc\u00ea tera que se cadastrar primeiro para depois conseguir v\u00ea-los.<\/p>\n<\/div><\/div>\n<div id=\"accordion-1761692770\" class=\"accordion-item\"><a id=\"accordion-1761692770-label\" href=\"#\" class=\"accordion-title plain\" aria-expanded=\"false\" aria-controls=\"accordion-1761692770-content\"><button class=\"toggle\" aria-label=\"Toggle\"><i class=\"icon-angle-down\"><\/i><\/button><span>Como finalizo o pedido?<\/span><\/a><div id=\"accordion-1761692770-content\" class=\"accordion-inner\" aria-labelledby=\"accordion-1761692770-label\">\n<p>Seu pedido s\u00f3 poder\u00e1 ser fechado ao completar R$250,00 , ao finalizar voc\u00ea tera que aguardar uma resposta por email informando formas de pagamento e frete.<\/p>\n<\/div><\/div>\n<div id=\"accordion-3756511354\" class=\"accordion-item\"><a id=\"accordion-3756511354-label\" href=\"#\" class=\"accordion-title plain\" aria-expanded=\"false\" aria-controls=\"accordion-3756511354-content\"><button class=\"toggle\" aria-label=\"Toggle\"><i class=\"icon-angle-down\"><\/i><\/button><span>Tinha cadastro e n\u00e3o consigo mais acesso?<\/span><\/a><div id=\"accordion-3756511354-content\" class=\"accordion-inner\" aria-labelledby=\"accordion-3756511354-label\">\n<p>Voc\u00ea ter\u00e1 que se recadastrar para ver os pre\u00e7os mesmo que voc\u00ea ja tenha cadastro no site anterior.<\/p>\n<\/div><\/div>\n<div id=\"accordion-1942482630\" class=\"accordion-item\"><a id=\"accordion-1942482630-label\" href=\"#\" class=\"accordion-title plain\" aria-expanded=\"false\" aria-controls=\"accordion-1942482630-content\"><button class=\"toggle\" aria-label=\"Toggle\"><i class=\"icon-angle-down\"><\/i><\/button><span>Esses produtos possuem substitui\u00e7\u00e3o tribut\u00e1ria?<\/span><\/a><div id=\"accordion-1942482630-content\" class=\"accordion-inner\" aria-labelledby=\"accordion-1942482630-label\">\n<p>Cada estado possue uma forma de cobran\u00e7a de ST, portanto os pre\u00e7os do site ter\u00e3o o acrescimo da ST se tiver no produto.<\/p>\n<\/div><\/div>\n<div id=\"accordion-4140694372\" class=\"accordion-item\"><a id=\"accordion-4140694372-label\" href=\"#\" class=\"accordion-title plain\" aria-expanded=\"false\" aria-controls=\"accordion-4140694372-content\"><button class=\"toggle\" aria-label=\"Toggle\"><i class=\"icon-angle-down\"><\/i><\/button><span>Condi\u00e7\u00f5es de Pagamento e Frete<\/span><\/a><div id=\"accordion-4140694372-content\" class=\"accordion-inner\" aria-labelledby=\"accordion-4140694372-label\">\n<p>Ap\u00f3s ser efetuado o pedido no site ser\u00e1 feito uma cota\u00e7\u00e3o de frete, que ser\u00e1 respondido junto com as condi\u00e7\u00f5es de pagamento por email.<\/p>\n<\/div><\/div>\n<\/div>\n","protected":false},"excerpt":{"rendered":"<p>\u00bb Formas de Pagamento 1 -Boleto banc\u00e1rio sujeito a aprova\u00e7\u00e3o de cr\u00e9dito. 2 -Dep\u00f3sito em conta, caso pagamento \u00e0 vista. 3 -Primeira compra com a empresa \u00e0 vista.<\/p>\n","protected":false},"author":1,"featured_media":0,"parent":0,"menu_order":0,"comment_status":"closed","ping_status":"closed","template":"","meta":{"footnotes":""},"class_list":["post-84","page","type-page","status-publish","hentry"],"_links":{"self":[{"href":"https:\/\/unisatcomercial.com.br\/home\/wp-json\/wp\/v2\/pages\/84","targetHints":{"allow":["GET"]}}],"collection":[{"href":"https:\/\/unisatcomercial.com.br\/home\/wp-json\/wp\/v2\/pages"}],"about":[{"href":"https:\/\/unisatcomercial.com.br\/home\/wp-json\/wp\/v2\/types\/page"}],"author":[{"embeddable":true,"href":"https:\/\/unisatcomercial.com.br\/home\/wp-json\/wp\/v2\/users\/1"}],"replies":[{"embeddable":true,"href":"https:\/\/unisatcomercial.com.br\/home\/wp-json\/wp\/v2\/comments?post=84"}],"version-history":[{"count":4,"href":"https:\/\/unisatcomercial.com.br\/home\/wp-json\/wp\/v2\/pages\/84\/revisions"}],"predecessor-version":[{"id":286,"href":"https:\/\/unisatcomercial.com.br\/home\/wp-json\/wp\/v2\/pages\/84\/revisions\/286"}],"wp:attachment":[{"href":"https:\/\/unisatcomercial.com.br\/home\/wp-json\/wp\/v2\/media?parent=84"}],"curies":[{"name":"wp","href":"https:\/\/api.w.org\/{rel}","templated":true}]}}