{"id":60,"date":"2015-11-19T10:40:52","date_gmt":"2015-11-19T12:40:52","guid":{"rendered":"http:\/\/flatsome.dev\/my-account\/"},"modified":"2022-06-02T11:43:05","modified_gmt":"2022-06-02T14:43:05","slug":"minha-conta","status":"publish","type":"page","link":"https:\/\/unisatcomercial.com.br\/home\/minha-conta\/","title":{"rendered":"Minha conta"},"content":{"rendered":"<p>Seja bem-vindo ao nosso novo site. <\/p>\n<p>Fa\u00e7a o login ou cadastre-se para poder ver os pre\u00e7os e realizar o seu pedido. A loja somente aceita pedidos de PESSOA JUR\u00cdDICA com o CNPJ v\u00e1lido.<\/p>\n<p>Se voc\u00ea tinha uma conta criada conosco no site anterior, ser\u00e1 preciso recriar a sua conta.<\/p>\n<div class=\"woocommerce\"><\/div>\n","protected":false},"excerpt":{"rendered":"<p>Seja bem-vindo ao nosso novo site. Fa\u00e7a o login ou cadastre-se para poder ver os pre\u00e7os e realizar o seu pedido. A loja somente aceita pedidos de PESSOA JUR\u00cdDICA com o CNPJ v\u00e1lido. Se voc\u00ea tinha uma conta criada conosco no site anterior, ser\u00e1 preciso recriar a sua conta.<\/p>\n","protected":false},"author":1,"featured_media":0,"parent":0,"menu_order":0,"comment_status":"closed","ping_status":"closed","template":"","meta":{"footnotes":""},"class_list":["post-60","page","type-page","status-publish","hentry"],"_links":{"self":[{"href":"https:\/\/unisatcomercial.com.br\/home\/wp-json\/wp\/v2\/pages\/60","targetHints":{"allow":["GET"]}}],"collection":[{"href":"https:\/\/unisatcomercial.com.br\/home\/wp-json\/wp\/v2\/pages"}],"about":[{"href":"https:\/\/unisatcomercial.com.br\/home\/wp-json\/wp\/v2\/types\/page"}],"author":[{"embeddable":true,"href":"https:\/\/unisatcomercial.com.br\/home\/wp-json\/wp\/v2\/users\/1"}],"replies":[{"embeddable":true,"href":"https:\/\/unisatcomercial.com.br\/home\/wp-json\/wp\/v2\/comments?post=60"}],"version-history":[{"count":2,"href":"https:\/\/unisatcomercial.com.br\/home\/wp-json\/wp\/v2\/pages\/60\/revisions"}],"predecessor-version":[{"id":2416,"href":"https:\/\/unisatcomercial.com.br\/home\/wp-json\/wp\/v2\/pages\/60\/revisions\/2416"}],"wp:attachment":[{"href":"https:\/\/unisatcomercial.com.br\/home\/wp-json\/wp\/v2\/media?parent=60"}],"curies":[{"name":"wp","href":"https:\/\/api.w.org\/{rel}","templated":true}]}}