{"id":287,"date":"2022-05-19T06:27:12","date_gmt":"2022-05-19T09:27:12","guid":{"rendered":"https:\/\/unisatcomercial.com.br\/home\/?page_id=287"},"modified":"2022-05-19T06:27:12","modified_gmt":"2022-05-19T09:27:12","slug":"trocas-devolucoes","status":"publish","type":"page","link":"https:\/\/unisatcomercial.com.br\/home\/trocas-devolucoes\/","title":{"rendered":"Trocas &#038; Devolu\u00e7\u00f5es"},"content":{"rendered":"<p><strong>\u00bb Trocas e Devolu\u00e7\u00f5es<\/strong><\/p>\n<p>A Unisat tem como maior objetivo a plena satisfa\u00e7\u00e3o de nossos clientes, por isso, aceitamos troca ou devolu\u00e7\u00e3o de produtos nas seguintes condi\u00e7\u00f5es:<\/p>\n<p><strong>\u00bb Devolu\u00e7\u00e3o de produtos<\/strong><\/p>\n<p>Devolu\u00e7\u00e3o de produto \u00e9 permitida at\u00e9 7 dias \u00fateis ap\u00f3s a entrega do produto em seu endere\u00e7o. Voc\u00ea pode devolver produto sem complica\u00e7\u00f5es, desde que o mesmo esteja sem uso, atendo-se aos procedimentos necess\u00e1rios para sua realiza\u00e7\u00e3o de forma correta.<\/p>\n<p>Troca de produtos<\/p>\n<p>Caso voc\u00ea tenha recebido seu produto com alguma suposta falha ou defeito, comunique imediatamente, pois o prazo para troca \u00e9 de 7 dias \u00fateis a contar da data de entrega do produto em seu endere\u00e7o. Ap\u00f3s esta data, voc\u00ea dever\u00e1 entrar em contato atrav\u00e9s do email contato@unisatcomercial.com.br para que nossa central de atendimento possa fazer a an\u00e1lise de garantia do produto.<\/p>\n<p><strong>\u00bb Procedimentos para devolu\u00e7\u00e3o e garantia de produtos<\/strong><\/p>\n<p>Entre em contato com nossa central de atendimento atrav\u00e9s do nosso WhatsApp<br \/>\nInforme o que deseja, bem como o n\u00famero da nota fiscal a qual o produto est\u00e1 relacionado.<br \/>\nNossa central de atendimento ir\u00e1 informar os dados necess\u00e1rios para a troca\/devolu\u00e7\u00e3o e ir\u00e1 gerar uma autoriza\u00e7\u00e3o.<br \/>\nN\u00e3o nos responsabilizamos pelo frete de envio do material, apenas ser\u00e1 pago por n\u00f3s o frete de retorno, caso seja troca de material com defeito. N\u00e3o aceitamos frete \u00e0 cobrar.<br \/>\nAssim que recebermos a sua mercadoria, faremos a an\u00e1lise da mesma e liberaremos a troca de acordo com o que foi acordado com nossos atendentes.<br \/>\nOutras informa\u00e7\u00f5es devem ser obtidas diretamente com nossos atendentes.<\/p>\n","protected":false},"excerpt":{"rendered":"<p>\u00bb Trocas e Devolu\u00e7\u00f5es A Unisat tem como maior objetivo a plena satisfa\u00e7\u00e3o de nossos clientes, por isso, aceitamos troca ou devolu\u00e7\u00e3o de produtos nas seguintes condi\u00e7\u00f5es: \u00bb Devolu\u00e7\u00e3o de produtos Devolu\u00e7\u00e3o de produto \u00e9 permitida at\u00e9 7 dias \u00fateis ap\u00f3s a entrega do produto em seu endere\u00e7o. Voc\u00ea pode devolver produto sem complica\u00e7\u00f5es, desde [&#8230;]\n","protected":false},"author":1,"featured_media":0,"parent":0,"menu_order":0,"comment_status":"closed","ping_status":"closed","template":"","meta":{"footnotes":""},"class_list":["post-287","page","type-page","status-publish","hentry"],"_links":{"self":[{"href":"https:\/\/unisatcomercial.com.br\/home\/wp-json\/wp\/v2\/pages\/287","targetHints":{"allow":["GET"]}}],"collection":[{"href":"https:\/\/unisatcomercial.com.br\/home\/wp-json\/wp\/v2\/pages"}],"about":[{"href":"https:\/\/unisatcomercial.com.br\/home\/wp-json\/wp\/v2\/types\/page"}],"author":[{"embeddable":true,"href":"https:\/\/unisatcomercial.com.br\/home\/wp-json\/wp\/v2\/users\/1"}],"replies":[{"embeddable":true,"href":"https:\/\/unisatcomercial.com.br\/home\/wp-json\/wp\/v2\/comments?post=287"}],"version-history":[{"count":1,"href":"https:\/\/unisatcomercial.com.br\/home\/wp-json\/wp\/v2\/pages\/287\/revisions"}],"predecessor-version":[{"id":288,"href":"https:\/\/unisatcomercial.com.br\/home\/wp-json\/wp\/v2\/pages\/287\/revisions\/288"}],"wp:attachment":[{"href":"https:\/\/unisatcomercial.com.br\/home\/wp-json\/wp\/v2\/media?parent=287"}],"curies":[{"name":"wp","href":"https:\/\/api.w.org\/{rel}","templated":true}]}}